{"id":3084,"date":"2020-10-20T14:26:26","date_gmt":"2020-10-20T11:26:26","guid":{"rendered":"https:\/\/hotelf6.fi\/?page_id=3084"},"modified":"2025-07-02T14:39:47","modified_gmt":"2025-07-02T11:39:47","slug":"stay-in-love","status":"publish","type":"page","link":"https:\/\/hotelf6.fi\/fi\/stay-in-love\/","title":{"rendered":"H\u00e4\u00e4t"},"content":{"rendered":"\n<h2 class=\"wp-block-heading has-text-align-center\">H\u00e4\u00e4t<br><\/h2>\n\n\n\n<div class=\"wp-block-columns is-layout-flex wp-container-core-columns-is-layout-9d6595d7 wp-block-columns-is-layout-flex\">\n<div class=\"wp-block-column is-layout-flow wp-block-column-is-layout-flow\"><\/div>\n\n\n\n<div class=\"wp-block-column is-layout-flow wp-block-column-is-layout-flow\">\n<hr class=\"wp-block-separator has-css-opacity\"\/>\n<\/div>\n\n\n\n<div class=\"wp-block-column is-layout-flow wp-block-column-is-layout-flow\"><\/div>\n<\/div>\n\n\n\n<h3 class=\"wp-block-heading has-text-align-center\"><em>Meille jokainen pari ja heid\u00e4n toiveensa ovat uniikkeja &#8211; teemme kaikkemme, jotta voitte nauttia olostanne ja todella tuntea juhlanne erityislaatuisuuden<\/em>.<br><br><\/h3>\n\n\n\n<figure class=\"wp-block-gallery has-nested-images columns-default is-cropped wp-block-gallery-1 is-layout-flex wp-block-gallery-is-layout-flex\">\n<figure class=\"wp-block-image size-large\"><img loading=\"lazy\" decoding=\"async\" width=\"1280\" height=\"1920\" data-id=\"3223\" src=\"https:\/\/hotelf6.fi\/wp-content\/uploads\/2020\/10\/Hotel-F6-34-1280x1920.jpg\" alt=\"\" class=\"wp-image-3223\" srcset=\"https:\/\/hotelf6.fi\/wp-content\/uploads\/2020\/10\/Hotel-F6-34-1280x1920.jpg 1280w, https:\/\/hotelf6.fi\/wp-content\/uploads\/2020\/10\/Hotel-F6-34-683x1024.jpg 683w, https:\/\/hotelf6.fi\/wp-content\/uploads\/2020\/10\/Hotel-F6-34-1024x1536.jpg 1024w, https:\/\/hotelf6.fi\/wp-content\/uploads\/2020\/10\/Hotel-F6-34-1365x2048.jpg 1365w, https:\/\/hotelf6.fi\/wp-content\/uploads\/2020\/10\/Hotel-F6-34-scaled.jpg 1707w\" sizes=\"auto, (max-width: 1280px) 100vw, 1280px\" \/><\/figure>\n\n\n\n<figure class=\"wp-block-image size-large\"><img loading=\"lazy\" decoding=\"async\" width=\"1280\" height=\"1920\" data-id=\"3405\" src=\"https:\/\/hotelf6.fi\/wp-content\/uploads\/2020\/10\/Hotel-F6-51-1-1280x1920.jpg\" alt=\"\" class=\"wp-image-3405\" srcset=\"https:\/\/hotelf6.fi\/wp-content\/uploads\/2020\/10\/Hotel-F6-51-1-1280x1920.jpg 1280w, https:\/\/hotelf6.fi\/wp-content\/uploads\/2020\/10\/Hotel-F6-51-1-683x1024.jpg 683w, https:\/\/hotelf6.fi\/wp-content\/uploads\/2020\/10\/Hotel-F6-51-1-1024x1536.jpg 1024w, https:\/\/hotelf6.fi\/wp-content\/uploads\/2020\/10\/Hotel-F6-51-1-1365x2048.jpg 1365w, https:\/\/hotelf6.fi\/wp-content\/uploads\/2020\/10\/Hotel-F6-51-1-scaled.jpg 1707w\" sizes=\"auto, (max-width: 1280px) 100vw, 1280px\" \/><\/figure>\n<\/figure>\n\n\n\n<p class=\"has-text-align-center has-text-color has-medium-font-size\" style=\"color:#7e8285\">T\u00e4lle sivulle olemme koonneet t\u00e4rke\u00e4\u00e4 tietoa hotellimme majoitusvaihtoehdoista, avuksi juhlanne suunnitteluun.<br><br><\/p>\n\n\n\n<div class=\"wp-block-buttons is-content-justification-center is-layout-flex wp-container-core-buttons-is-layout-16018d1d wp-block-buttons-is-layout-flex\">\n<div class=\"wp-block-button is-style-outline is-style-outline--2\"><a class=\"wp-block-button__link wp-element-button\" href=\"#h\u00e4\u00e4paketti-unohtumaton-h\u00e4\u00e4y\u00f6\">Stay in Love -paketti <\/a><\/div>\n\n\n\n<div class=\"wp-block-button is-style-outline is-style-outline--3\"><a class=\"wp-block-button__link wp-element-button\" href=\"#juhlaan-valmistautuminen\">H\u00e4it\u00e4 edelt\u00e4v\u00e4 y\u00f6<\/a><\/div>\n\n\n\n<div class=\"wp-block-button is-style-outline is-style-outline--4\"><a class=\"wp-block-button__link wp-element-button\" href=\"#majoitus-h\u00e4\u00e4vieraille\">Majoitus h\u00e4\u00e4vieraille<\/a><\/div>\n<\/div>\n\n\n\n<p><br><\/p>\n\n\n\n<hr class=\"wp-block-separator has-css-opacity\"\/>\n\n\n\n<h1 class=\"wp-block-heading has-text-align-center\" id=\"h\u00e4\u00e4paketti-unohtumaton-h\u00e4\u00e4y\u00f6\">Stay in Love<\/h1>\n\n\n\n<h3 class=\"wp-block-heading has-text-align-center\">unohtumaton h\u00e4\u00e4y\u00f6<\/h3>\n\n\n\n<div class=\"wp-block-group\"><div class=\"wp-block-group__inner-container is-layout-flow wp-block-group-is-layout-flow\">\n<div class=\"wp-block-columns is-layout-flex wp-container-core-columns-is-layout-9d6595d7 wp-block-columns-is-layout-flex\">\n<div class=\"wp-block-column is-layout-flow wp-block-column-is-layout-flow\"><\/div>\n\n\n\n<div class=\"wp-block-column is-layout-flow wp-block-column-is-layout-flow\">\n<hr class=\"wp-block-separator has-css-opacity\"\/>\n<\/div>\n\n\n\n<div class=\"wp-block-column is-layout-flow wp-block-column-is-layout-flow\"><\/div>\n<\/div>\n<\/div><\/div>\n\n\n\n<p class=\"has-text-align-center has-text-color has-medium-font-size\" style=\"color:#7e8285\">Stay in Love -pakettimme on r\u00e4\u00e4t\u00e4l\u00f6ity juuri teit\u00e4, h\u00e4\u00e4paria varten. Tarjoamme h\u00e4\u00e4y\u00f6lle  ylelliset puitteet ja henkil\u00f6kuntamme pit\u00e4\u00e4 huolen, ett\u00e4 t\u00e4rke\u00e4 p\u00e4iv\u00e4nne on taianomainen.<\/p>\n\n\n\n<div class=\"wp-block-columns is-layout-flex wp-container-core-columns-is-layout-9d6595d7 wp-block-columns-is-layout-flex\">\n<div class=\"wp-block-column is-layout-flow wp-block-column-is-layout-flow\"><\/div>\n\n\n\n<div class=\"wp-block-column is-layout-flow wp-block-column-is-layout-flow\">\n<hr class=\"wp-block-separator has-css-opacity\"\/>\n<\/div>\n\n\n\n<div class=\"wp-block-column is-layout-flow wp-block-column-is-layout-flow\"><\/div>\n<\/div>\n\n\n\n<h3 class=\"wp-block-heading has-text-align-center\"><br><em>Stay in Love -pakettiin olemme valinneet <\/em><br><em>seuraavat tuotteet ja palvelut: <\/em><\/h3>\n\n\n\n<p class=\"has-text-align-center has-text-color has-medium-font-size\" style=\"color:#747474\"><br><em>\u2022 Jean Duclert Harmonie Brut &#8211; samppanjaa<\/em><\/p>\n\n\n\n<p class=\"has-text-align-center has-text-color has-medium-font-size\" style=\"color:#747474\"><em>\u2022 Mansikoita tai kauden hedelmi\u00e4<\/em><\/p>\n\n\n\n<p class=\"has-text-align-center has-text-color has-medium-font-size\" style=\"color:#747474\"><em>\u2022 K\u00e4sin tehtyj\u00e4, Annan Suklaatehtaan konvehteja<\/em><\/p>\n\n\n\n<p class=\"has-text-align-center has-text-color has-medium-font-size\" style=\"color:#747474\"><em>\u2022 Suolainen y\u00f6pala huoneeseen tarjoiltuna<\/em><\/p>\n\n\n\n<p class=\"has-text-align-center has-text-color has-medium-font-size\" style=\"color:#747474\"><em>\u2022 Aamiainen huoneeseen tarjoiltuna <\/em><\/p>\n\n\n\n<p class=\"has-text-align-center has-text-color has-medium-font-size\" style=\"color:#747474\"><em>\u2022 My\u00f6h\u00e4inen huoneen luovutus klo 15<br><\/em><br><\/p>\n\n\n\n<p class=\"has-text-align-center has-text-color has-medium-font-size\" style=\"color:#7e8285\"><em>Huolella valittujen yksityiskohtien avulla varmistamme, ett\u00e4 koko h\u00e4\u00e4paketin sis\u00e4lt\u00f6 on suuren juhlanne arvoinen.<\/em><br><br><\/p>\n\n\n\n<p><\/p>\n\n\n\n<h3 class=\"wp-block-heading has-text-align-center\">Stay in Love <br>-paketin hinnat alkaen 350 \u20ac<\/h3>\n\n\n\n<p><\/p>\n\n\n\n<div class=\"wp-block-buttons is-content-justification-center is-layout-flex wp-container-core-buttons-is-layout-16018d1d wp-block-buttons-is-layout-flex\">\n<div class=\"wp-block-button is-style-outline is-style-outline--5\"><a class=\"wp-block-button__link wp-element-button\" href=\"https:\/\/be.synxis.com\/?adult=2&amp;arrive=2021-02-25&amp;chain=14025&amp;child=0&amp;config=RATE&amp;currency=EUR&amp;depart=2021-02-26&amp;hotel=69715&amp;level=hotel&amp;locale=fi-FI&amp;promo=STAYINLOVE&amp;rooms=1\" target=\"_blank\" rel=\"noreferrer noopener\">Hinnat ja saatavuus <\/a><\/div>\n<\/div>\n\n\n\n<p><\/p>\n\n\n\n<figure class=\"wp-block-gallery has-nested-images columns-default is-cropped wp-block-gallery-6 is-layout-flex wp-block-gallery-is-layout-flex\">\n<figure class=\"wp-block-image size-large\"><img loading=\"lazy\" decoding=\"async\" width=\"1280\" height=\"1920\" data-id=\"3207\" src=\"https:\/\/hotelf6.fi\/wp-content\/uploads\/2020\/10\/Hotel-F6-30-1280x1920.jpg\" alt=\"\" class=\"wp-image-3207\" srcset=\"https:\/\/hotelf6.fi\/wp-content\/uploads\/2020\/10\/Hotel-F6-30-1280x1920.jpg 1280w, https:\/\/hotelf6.fi\/wp-content\/uploads\/2020\/10\/Hotel-F6-30-683x1024.jpg 683w, https:\/\/hotelf6.fi\/wp-content\/uploads\/2020\/10\/Hotel-F6-30-1024x1536.jpg 1024w, https:\/\/hotelf6.fi\/wp-content\/uploads\/2020\/10\/Hotel-F6-30-1365x2048.jpg 1365w, https:\/\/hotelf6.fi\/wp-content\/uploads\/2020\/10\/Hotel-F6-30-scaled.jpg 1707w\" sizes=\"auto, (max-width: 1280px) 100vw, 1280px\" \/><\/figure>\n\n\n\n<figure class=\"wp-block-image size-large\"><img loading=\"lazy\" decoding=\"async\" width=\"1280\" height=\"1920\" data-id=\"3461\" src=\"https:\/\/hotelf6.fi\/wp-content\/uploads\/2020\/10\/Hotel-F6-65-1280x1920.jpg\" alt=\"\" class=\"wp-image-3461\"\/><\/figure>\n<\/figure>\n\n\n\n<hr class=\"wp-block-separator has-css-opacity\"\/>\n\n\n\n<p><br><\/p>\n\n\n\n<div class=\"wp-block-group alignwide\"><div class=\"wp-block-group__inner-container is-layout-flow wp-block-group-is-layout-flow\"><\/div><\/div>\n\n\n\n<p><\/p>\n\n\n\n<h1 class=\"wp-block-heading has-text-align-center\" id=\"juhlaan-valmistautuminen\">Juhlaan valmistautuminen<\/h1>\n\n\n\n<h3 class=\"wp-block-heading has-text-align-center\">h\u00e4it\u00e4 edelt\u00e4v\u00e4 y\u00f6 t\u00e4rkeimpien yst\u00e4vien seurassa<br><\/h3>\n\n\n\n<div class=\"wp-block-columns is-layout-flex wp-container-core-columns-is-layout-9d6595d7 wp-block-columns-is-layout-flex\">\n<div class=\"wp-block-column is-layout-flow wp-block-column-is-layout-flow\"><\/div>\n\n\n\n<div class=\"wp-block-column is-layout-flow wp-block-column-is-layout-flow\">\n<hr class=\"wp-block-separator has-css-opacity\"\/>\n<\/div>\n\n\n\n<div class=\"wp-block-column is-layout-flow wp-block-column-is-layout-flow\"><\/div>\n<\/div>\n\n\n\n<p class=\"has-text-align-center has-text-color has-medium-font-size\" style=\"color:#7e8285\">Me tied\u00e4mme valmistautumisen olevan keskeinen osa suurta juhlaa!<\/p>\n\n\n\n<p class=\"has-text-align-center has-text-color has-medium-font-size\" style=\"color:#7e8285\">Haluamme, ett\u00e4 saatte juhlanne ansaitsemat puitteet ja hyv\u00e4n alun t\u00e4rke\u00e4lle p\u00e4iv\u00e4lle.<br><br><\/p>\n\n\n\n<figure class=\"wp-block-gallery has-nested-images columns-default is-cropped wp-block-gallery-7 is-layout-flex wp-block-gallery-is-layout-flex\">\n<figure class=\"wp-block-image size-large\"><img loading=\"lazy\" decoding=\"async\" width=\"1280\" height=\"1920\" data-id=\"3092\" src=\"https:\/\/hotelf6.fi\/wp-content\/uploads\/2020\/10\/Hotel-F6-2-1280x1920.jpg\" alt=\"\" class=\"wp-image-3092\" srcset=\"https:\/\/hotelf6.fi\/wp-content\/uploads\/2020\/10\/Hotel-F6-2-1280x1920.jpg 1280w, https:\/\/hotelf6.fi\/wp-content\/uploads\/2020\/10\/Hotel-F6-2-683x1024.jpg 683w, https:\/\/hotelf6.fi\/wp-content\/uploads\/2020\/10\/Hotel-F6-2-1024x1536.jpg 1024w, https:\/\/hotelf6.fi\/wp-content\/uploads\/2020\/10\/Hotel-F6-2-1365x2048.jpg 1365w, https:\/\/hotelf6.fi\/wp-content\/uploads\/2020\/10\/Hotel-F6-2-scaled.jpg 1707w\" sizes=\"auto, (max-width: 1280px) 100vw, 1280px\" \/><\/figure>\n\n\n\n<figure class=\"wp-block-image size-large\"><img loading=\"lazy\" decoding=\"async\" width=\"1280\" height=\"1920\" data-id=\"3164\" src=\"https:\/\/hotelf6.fi\/wp-content\/uploads\/2020\/10\/Hotel-F6-20-1280x1920.jpg\" alt=\"\" class=\"wp-image-3164\" srcset=\"https:\/\/hotelf6.fi\/wp-content\/uploads\/2020\/10\/Hotel-F6-20-1280x1920.jpg 1280w, https:\/\/hotelf6.fi\/wp-content\/uploads\/2020\/10\/Hotel-F6-20-683x1024.jpg 683w, https:\/\/hotelf6.fi\/wp-content\/uploads\/2020\/10\/Hotel-F6-20-1024x1536.jpg 1024w, https:\/\/hotelf6.fi\/wp-content\/uploads\/2020\/10\/Hotel-F6-20-1365x2048.jpg 1365w, https:\/\/hotelf6.fi\/wp-content\/uploads\/2020\/10\/Hotel-F6-20-scaled.jpg 1707w\" sizes=\"auto, (max-width: 1280px) 100vw, 1280px\" \/><\/figure>\n<\/figure>\n\n\n\n<div class=\"wp-block-group\"><div class=\"wp-block-group__inner-container is-layout-flow wp-block-group-is-layout-flow\">\n<p class=\"has-text-align-center has-text-color has-medium-font-size\" style=\"color:#7e8285\"><br>Y\u00f6pyess\u00e4nne hotellissa h\u00e4it\u00e4 edelt\u00e4v\u00e4n y\u00f6n,<br> voi juhlatunnelmaan viritt\u00e4yty\u00e4 ansaitusti jo edellisen\u00e4 iltana.<br><br>Hyvin nukutun y\u00f6n j\u00e4lkeen juhlap\u00e4iv\u00e4 voi alkaa maittavalla aamiaisella ja valmistautumisella juhlaan &#8211; tietenkin rakkaimpien yst\u00e4vien ymp\u00e4r\u00f6im\u00e4n\u00e4.<br><\/p>\n\n\n\n<p class=\"has-text-align-center has-text-color has-medium-font-size\" style=\"color:#7e8285\">Tyylikk\u00e4\u00e4t ja yksil\u00f6lliset huoneemme tarjoavat monipuoliset mahdollisuudet majoitukseen my\u00f6s isommalle seurueelle. <br><br>Autamme l\u00f6yt\u00e4m\u00e4\u00e4n juuri teille parhaiten sopivan huoneen. <br><\/p>\n<\/div><\/div>\n\n\n\n<div class=\"wp-block-columns is-layout-flex wp-container-core-columns-is-layout-9d6595d7 wp-block-columns-is-layout-flex\">\n<div class=\"wp-block-column is-layout-flow wp-block-column-is-layout-flow\"><\/div>\n\n\n\n<div class=\"wp-block-column is-layout-flow wp-block-column-is-layout-flow\">\n<hr class=\"wp-block-separator has-css-opacity\"\/>\n<\/div>\n\n\n\n<div class=\"wp-block-column is-layout-flow wp-block-column-is-layout-flow\"><\/div>\n<\/div>\n\n\n\n<h3 class=\"wp-block-heading has-text-align-center\">Varatessanne h\u00e4\u00e4y\u00f6ksi Stay in Love-paketin, tarjoamme h\u00e4it\u00e4 edelt\u00e4v\u00e4n y\u00f6n majoitukseen -20 % alennuksen<br><\/h3>\n\n\n\n<figure class=\"wp-block-gallery has-nested-images columns-default is-cropped wp-block-gallery-8 is-layout-flex wp-block-gallery-is-layout-flex\">\n<figure class=\"wp-block-image size-large\"><img loading=\"lazy\" decoding=\"async\" width=\"1280\" height=\"1920\" data-id=\"3263\" src=\"https:\/\/hotelf6.fi\/wp-content\/uploads\/2020\/10\/Hotel-F6-44-1280x1920.jpg\" alt=\"\" class=\"wp-image-3263\" srcset=\"https:\/\/hotelf6.fi\/wp-content\/uploads\/2020\/10\/Hotel-F6-44-1280x1920.jpg 1280w, https:\/\/hotelf6.fi\/wp-content\/uploads\/2020\/10\/Hotel-F6-44-683x1024.jpg 683w, https:\/\/hotelf6.fi\/wp-content\/uploads\/2020\/10\/Hotel-F6-44-1024x1536.jpg 1024w, https:\/\/hotelf6.fi\/wp-content\/uploads\/2020\/10\/Hotel-F6-44-1365x2048.jpg 1365w, https:\/\/hotelf6.fi\/wp-content\/uploads\/2020\/10\/Hotel-F6-44-scaled.jpg 1707w\" sizes=\"auto, (max-width: 1280px) 100vw, 1280px\" \/><\/figure>\n\n\n\n<figure class=\"wp-block-image size-large\"><img loading=\"lazy\" decoding=\"async\" width=\"1280\" height=\"1920\" data-id=\"3453\" src=\"https:\/\/hotelf6.fi\/wp-content\/uploads\/2020\/10\/Hotel-F6-63-1-1280x1920.jpg\" alt=\"\" class=\"wp-image-3453\" srcset=\"https:\/\/hotelf6.fi\/wp-content\/uploads\/2020\/10\/Hotel-F6-63-1-1280x1920.jpg 1280w, https:\/\/hotelf6.fi\/wp-content\/uploads\/2020\/10\/Hotel-F6-63-1-683x1024.jpg 683w, https:\/\/hotelf6.fi\/wp-content\/uploads\/2020\/10\/Hotel-F6-63-1-1024x1536.jpg 1024w, https:\/\/hotelf6.fi\/wp-content\/uploads\/2020\/10\/Hotel-F6-63-1-1365x2048.jpg 1365w, https:\/\/hotelf6.fi\/wp-content\/uploads\/2020\/10\/Hotel-F6-63-1-scaled.jpg 1707w\" sizes=\"auto, (max-width: 1280px) 100vw, 1280px\" \/><\/figure>\n<\/figure>\n\n\n\n<p><br><\/p>\n\n\n\n<hr class=\"wp-block-separator has-css-opacity\"\/>\n\n\n\n<h1 class=\"wp-block-heading has-text-align-center\" id=\"majoitus-h\u00e4\u00e4vieraille\">Majoitus h\u00e4\u00e4vieraille<\/h1>\n\n\n\n<p><\/p>\n\n\n\n<h3 class=\"wp-block-heading has-text-align-center\">My\u00f6s l\u00e4heiset hotelliin juhlan kunniaksi <\/h3>\n\n\n\n<div class=\"wp-block-columns is-layout-flex wp-container-core-columns-is-layout-9d6595d7 wp-block-columns-is-layout-flex\">\n<div class=\"wp-block-column is-layout-flow wp-block-column-is-layout-flow\"><\/div>\n\n\n\n<div class=\"wp-block-column is-layout-flow wp-block-column-is-layout-flow\">\n<hr class=\"wp-block-separator has-css-opacity\"\/>\n<\/div>\n\n\n\n<div class=\"wp-block-column is-layout-flow wp-block-column-is-layout-flow\"><\/div>\n<\/div>\n\n\n\n<p class=\"has-text-align-center has-text-color has-medium-font-size\" style=\"color:#7e8285\">Me my\u00f6s toivomme, ett\u00e4 l\u00e4heisill\u00e4nne on mahdollisuus majoittua viihtyis\u00e4\u00e4n hotelliin t\u00e4rke\u00e4n\u00e4 juhlap\u00e4iv\u00e4n\u00e4.<br><br>Tarjoamme isommille h\u00e4\u00e4vieraiden seurueille majoitukseen alennettuja hintoja.<\/p>\n\n\n\n<p><\/p>\n\n\n\n<figure class=\"wp-block-image size-full\"><img loading=\"lazy\" decoding=\"async\" width=\"2560\" height=\"1707\" src=\"https:\/\/hotelf6.fi\/wp-content\/uploads\/2020\/10\/Hotel-F6-10-scaled.jpg\" alt=\"\" class=\"wp-image-3124\" srcset=\"https:\/\/hotelf6.fi\/wp-content\/uploads\/2020\/10\/Hotel-F6-10-scaled.jpg 2560w, https:\/\/hotelf6.fi\/wp-content\/uploads\/2020\/10\/Hotel-F6-10-1024x683.jpg 1024w, https:\/\/hotelf6.fi\/wp-content\/uploads\/2020\/10\/Hotel-F6-10-1920x1280.jpg 1920w, https:\/\/hotelf6.fi\/wp-content\/uploads\/2020\/10\/Hotel-F6-10-1536x1024.jpg 1536w, https:\/\/hotelf6.fi\/wp-content\/uploads\/2020\/10\/Hotel-F6-10-2048x1365.jpg 2048w\" sizes=\"auto, (max-width: 2560px) 100vw, 2560px\" \/><figcaption class=\"wp-element-caption\"><br><\/figcaption><\/figure>\n\n\n\n<p><\/p>\n\n\n\n<h2 class=\"wp-block-heading has-text-align-center\">Tiedustele saatavuutta ja hintoja<br><\/h2>\n\n\n\n<div class=\"wp-block-columns is-layout-flex wp-container-core-columns-is-layout-9d6595d7 wp-block-columns-is-layout-flex\">\n<div class=\"wp-block-column is-layout-flow wp-block-column-is-layout-flow\"><\/div>\n\n\n\n<div class=\"wp-block-column is-layout-flow wp-block-column-is-layout-flow\">\n<hr class=\"wp-block-separator has-css-opacity\"\/>\n<\/div>\n\n\n\n<div class=\"wp-block-column is-layout-flow wp-block-column-is-layout-flow\"><\/div>\n<\/div>\n\n\n\n<h2 class=\"wp-block-heading has-text-align-center\"><\/h2>\n\n\n","protected":false},"excerpt":{"rendered":"<p>H\u00e4\u00e4t Meille jokainen pari ja heid\u00e4n toiveensa ovat uniikkeja &#8211; teemme kaikkemme, jotta voitte nauttia olostanne ja todella tuntea juhlanne erityislaatuisuuden. T\u00e4lle sivulle olemme koonneet t\u00e4rke\u00e4\u00e4 tietoa hotellimme majoitusvaihtoehdoista, avuksi juhlanne suunnitteluun. Stay in Love unohtumaton h\u00e4\u00e4y\u00f6 Stay in Love -pakettimme on r\u00e4\u00e4t\u00e4l\u00f6ity juuri teit\u00e4, h\u00e4\u00e4paria varten. Tarjoamme h\u00e4\u00e4y\u00f6lle ylelliset puitteet ja henkil\u00f6kuntamme pit\u00e4\u00e4 huolen,<a class=\"excerpt-read-more\" href=\"https:\/\/hotelf6.fi\/fi\/stay-in-love\/\" title=\"ReadH\u00e4\u00e4t\">&#8230; Read more &raquo;<\/a><\/p>\n","protected":false},"author":2,"featured_media":0,"parent":0,"menu_order":0,"comment_status":"closed","ping_status":"closed","template":"","meta":{"_acf_changed":false,"footnotes":""},"class_list":["post-3084","page","type-page","status-publish","hentry"],"acf":[],"aioseo_notices":[],"_links":{"self":[{"href":"https:\/\/hotelf6.fi\/fi\/wp-json\/wp\/v2\/pages\/3084","targetHints":{"allow":["GET"]}}],"collection":[{"href":"https:\/\/hotelf6.fi\/fi\/wp-json\/wp\/v2\/pages"}],"about":[{"href":"https:\/\/hotelf6.fi\/fi\/wp-json\/wp\/v2\/types\/page"}],"author":[{"embeddable":true,"href":"https:\/\/hotelf6.fi\/fi\/wp-json\/wp\/v2\/users\/2"}],"replies":[{"embeddable":true,"href":"https:\/\/hotelf6.fi\/fi\/wp-json\/wp\/v2\/comments?post=3084"}],"version-history":[{"count":211,"href":"https:\/\/hotelf6.fi\/fi\/wp-json\/wp\/v2\/pages\/3084\/revisions"}],"predecessor-version":[{"id":7746,"href":"https:\/\/hotelf6.fi\/fi\/wp-json\/wp\/v2\/pages\/3084\/revisions\/7746"}],"wp:attachment":[{"href":"https:\/\/hotelf6.fi\/fi\/wp-json\/wp\/v2\/media?parent=3084"}],"curies":[{"name":"wp","href":"https:\/\/api.w.org\/{rel}","templated":true}]}}